{"id":1628,"date":"2023-01-04T16:36:07","date_gmt":"2023-01-04T15:36:07","guid":{"rendered":"https:\/\/thijssen-emans.nl\/?page_id=1628"},"modified":"2023-01-04T16:40:37","modified_gmt":"2023-01-04T15:40:37","slug":"impressum","status":"publish","type":"page","link":"https:\/\/thijssen-emans.nl\/de\/impressum\/","title":{"rendered":"Impressum"},"content":{"rendered":"<div data-elementor-type=\"wp-page\" data-elementor-id=\"1628\" class=\"elementor elementor-1628\">\n\t\t\t\t\t\t\t\t\t<section class=\"elementor-section elementor-top-section elementor-element elementor-element-94068c1 elementor-section-height-min-height elementor-section-boxed elementor-section-height-default elementor-section-items-middle\" data-id=\"94068c1\" data-element_type=\"section\" data-settings=\"{&quot;background_background&quot;:&quot;classic&quot;,&quot;shape_divider_bottom&quot;:&quot;triangle-asymmetrical&quot;,&quot;shape_divider_bottom_negative&quot;:&quot;yes&quot;}\">\n\t\t\t\t\t\t\t<div class=\"elementor-background-overlay\"><\/div>\n\t\t\t\t\t\t<div class=\"elementor-shape elementor-shape-bottom\" data-negative=\"true\">\n\t\t\t<svg xmlns=\"http:\/\/www.w3.org\/2000\/svg\" viewbox=\"0 0 1000 100\" preserveaspectratio=\"none\">\n\t<path class=\"elementor-shape-fill\" d=\"M737.9,94.7L0,0v100h1000V0L737.9,94.7z\"\/>\n<\/svg>\t\t<\/div>\n\t\t\t\t\t<div class=\"elementor-container elementor-column-gap-default\">\n\t\t\t\t\t<div class=\"elementor-column elementor-col-100 elementor-top-column elementor-element elementor-element-e1a303e\" data-id=\"e1a303e\" data-element_type=\"column\">\n\t\t\t<div class=\"elementor-widget-wrap\">\n\t\t\t\t\t\t\t\t\t<\/div>\n\t\t<\/div>\n\t\t\t\t\t\t\t<\/div>\n\t\t<\/section>\n\t\t\t\t<section class=\"elementor-section elementor-top-section elementor-element elementor-element-6d7eeda elementor-section-boxed elementor-section-height-default elementor-section-height-default elementor-invisible\" data-id=\"6d7eeda\" data-element_type=\"section\" data-settings=\"{&quot;animation&quot;:&quot;slideInUp&quot;}\">\n\t\t\t\t\t\t<div class=\"elementor-container elementor-column-gap-default\">\n\t\t\t\t\t<div class=\"elementor-column elementor-col-50 elementor-top-column elementor-element elementor-element-e6a09ba\" data-id=\"e6a09ba\" data-element_type=\"column\" data-settings=\"{&quot;background_background&quot;:&quot;classic&quot;}\">\n\t\t\t<div class=\"elementor-widget-wrap elementor-element-populated\">\n\t\t\t\t\t\t\t\t<div class=\"elementor-element elementor-element-dd7b48a elementor-widget elementor-widget-heading\" data-id=\"dd7b48a\" data-element_type=\"widget\" data-widget_type=\"heading.default\">\n\t\t\t\t<div class=\"elementor-widget-container\">\n\t\t\t<style>\/*! elementor - v3.13.3 - 28-05-2023 *\/\n.elementor-heading-title{padding:0;margin:0;line-height:1}.elementor-widget-heading .elementor-heading-title[class*=elementor-size-]>a{color:inherit;font-size:inherit;line-height:inherit}.elementor-widget-heading .elementor-heading-title.elementor-size-small{font-size:15px}.elementor-widget-heading .elementor-heading-title.elementor-size-medium{font-size:19px}.elementor-widget-heading .elementor-heading-title.elementor-size-large{font-size:29px}.elementor-widget-heading .elementor-heading-title.elementor-size-xl{font-size:39px}.elementor-widget-heading .elementor-heading-title.elementor-size-xxl{font-size:59px}<\/style><span class=\"elementor-heading-title elementor-size-default\">Impressum<\/span>\t\t<\/div>\n\t\t\t\t<\/div>\n\t\t\t\t\t<\/div>\n\t\t<\/div>\n\t\t\t\t<div class=\"elementor-column elementor-col-50 elementor-top-column elementor-element elementor-element-1290185\" data-id=\"1290185\" data-element_type=\"column\">\n\t\t\t<div class=\"elementor-widget-wrap\">\n\t\t\t\t\t\t\t\t\t<\/div>\n\t\t<\/div>\n\t\t\t\t\t\t\t<\/div>\n\t\t<\/section>\n\t\t\t\t<section class=\"elementor-section elementor-top-section elementor-element elementor-element-ed80842 elementor-section-boxed elementor-section-height-default elementor-section-height-default\" data-id=\"ed80842\" data-element_type=\"section\">\n\t\t\t\t\t\t<div class=\"elementor-container elementor-column-gap-default\">\n\t\t\t\t\t<div class=\"elementor-column elementor-col-100 elementor-top-column elementor-element elementor-element-451f8c8\" data-id=\"451f8c8\" data-element_type=\"column\">\n\t\t\t<div class=\"elementor-widget-wrap elementor-element-populated\">\n\t\t\t\t\t\t\t\t<div class=\"elementor-element elementor-element-88637a4 elementor-widget elementor-widget-text-editor\" data-id=\"88637a4\" data-element_type=\"widget\" data-widget_type=\"text-editor.default\">\n\t\t\t\t<div class=\"elementor-widget-container\">\n\t\t\t<style>\/*! elementor - v3.13.3 - 28-05-2023 *\/\n.elementor-widget-text-editor.elementor-drop-cap-view-stacked .elementor-drop-cap{background-color:#69727d;color:#fff}.elementor-widget-text-editor.elementor-drop-cap-view-framed .elementor-drop-cap{color:#69727d;border:3px solid;background-color:transparent}.elementor-widget-text-editor:not(.elementor-drop-cap-view-default) .elementor-drop-cap{margin-top:8px}.elementor-widget-text-editor:not(.elementor-drop-cap-view-default) .elementor-drop-cap-letter{width:1em;height:1em}.elementor-widget-text-editor .elementor-drop-cap{float:left;text-align:center;line-height:1;font-size:50px}.elementor-widget-text-editor .elementor-drop-cap-letter{display:inline-block}<\/style>\t\t\t\t<h3>Impressum<\/h3><p>Thijssen-Emans &amp; co bv<br \/>Molenweg 10<br \/>5953 JR Reuver<br \/>Niederlande<\/p><p>Kamer van Koophandel (KVK)- Nummer: 12022048<\/p><p>Mehrwertsteuer (BTW)- Nummer: NL 006896820 B01<br \/>Zust\u00e4ndiges Gericht: Rechtbank Roermond<\/p><p><strong>Vertreten durch<\/strong><\/p><p>Herr M.L.H. Stroucken<br \/>Gesch\u00e4ftsf\u00fchrer<\/p><p><strong>Kontakt<\/strong><\/p><p>Telefon: +31 (0) 77-474 1907<br \/>E-Mail: info@thijssen-emans.nl<\/p><h3>Verbraucherstreitbeilegung<\/h3><p>Wir sind nicht bereit oder verpflichtet, an Streitbeilegungsverfahren vor einer Verbraucherschlichtungsstelle teilzunehmen.<\/p><h3>Haftung f\u00fcr Inhalte und Haftungsausschluss f\u00fcr Hyperlinks zu Drittanbietern<\/h3><p>Wir sind als Diensteanbieter gem\u00e4\u00df \u00a7 7 Abs.1 TMG f\u00fcr die Inhalte auf unserer Website <a href=\"https:\/\/thijssen-emans.nl\/de\/\">https:\/\/thijssen-emans.nl\/de\/<\/a> entsprechend der allgemeinen Gesetzgebung verantwortlich.<\/p><h3>Haftungsausschluss f\u00fcr Hyperlinks zu Drittanbietern<\/h3><p>Unsere Webangebot enth\u00e4lt auch Links zu Websites von Drittanbietern, auf deren Inhalte wir keinen Einfluss haben. Deshalb k\u00f6nnen wir f\u00fcr diese fremden Inhalte auch keine Gew\u00e4hr \u00fcbernehmen. F\u00fcr die Inhalte der verlinkten Seiten ist stets der jeweilige Anbieter oder Betreiber der Seiten verantwortlich. <br \/>Wir haben die Inhalte der externen Links zum Zeitpunkt der Verlinkung sorgf\u00e4ltig \u00fcberpr\u00fcft, und es waren keine rechtswidrigen Inhalte zu erkennen. Es besteht entsprechend \u00a7 10 des Telemediengesetzes keine Verpflichtung zur permanenten Kontrolle. Wenn uns rechtswidrige Inhalte bekannt oder gemeldet werden, werden wir den Link umgehend entfernen.<\/p><h3>Urheberrecht<\/h3><p>Die durch Thijssen-Emans &amp; co bv erstellten Inhalte auf der Website <a href=\"https:\/\/thijssen-emans.nl\/de\/\">https:\/\/thijssen-emans.nl\/de\/<\/a> wie beispielsweise Texte, Fotos und Videos unterliegen dem deutschen Urheberrecht. Die Vervielf\u00e4ltigung, Bearbeitung, Verbreitung und jede andere Art der Verwertung s\u00e4mtlicher Werke bed\u00fcrfen der schriftlichen Zustimmung seitens Thijssen-Emans &amp; co bv \u00a0bzw. des jeweiligen Autors oder Urhebers. Downloads und Kopien dieser Seiten sind nur f\u00fcr den privaten, nicht kommerziellen Gebrauch gestattet.<\/p><p>Die Inhalte auf diesen Seiten wurden von Thijssen-Emans &amp; co bv erstellt. Eventuelle Urheberrechte Dritter werden beachtet und als solche gekennzeichnet. Sollten Sie trotzdem auf eine Urheberrechtsverletzung aufmerksam werden, bitten wir um einen entsprechenden Hinweis. Bei Bekanntwerden von Rechtsverletzungen werden wir derartige Inhalte umgehend entfernen.<\/p>\t\t\t\t\t\t<\/div>\n\t\t\t\t<\/div>\n\t\t\t\t\t<\/div>\n\t\t<\/div>\n\t\t\t\t\t\t\t<\/div>\n\t\t<\/section>\n\t\t\t\t\t\t\t<\/div>","protected":false},"excerpt":{"rendered":"<p>Impressum Thijssen-Emans &amp; co bvMolenweg 105953 JR ReuverNiederlande Kamer van Koophandel (KVK)- Nummer: 12022048 Mehrwertsteuer (BTW)- Nummer: NL 006896820 B01Zust\u00e4ndiges Gericht: Rechtbank Roermond Vertreten durch Herr M.L.H. StrouckenGesch\u00e4ftsf\u00fchrer Kontakt Telefon: +31 (0) 77-474 1907E-Mail: info@thijssen-emans.nl Verbraucherstreitbeilegung Wir sind nicht bereit oder verpflichtet, an Streitbeilegungsverfahren vor einer Verbraucherschlichtungsstelle teilzunehmen. Haftung f\u00fcr Inhalte und Haftungsausschluss f\u00fcr Hyperlinks [&hellip;]<\/p>","protected":false},"author":1,"featured_media":0,"parent":0,"menu_order":0,"comment_status":"closed","ping_status":"closed","template":"","meta":[],"yoast_head":"<!-- This site is optimized with the Yoast SEO plugin v19.8 - https:\/\/yoast.com\/wordpress\/plugins\/seo\/ -->\n<title>Impressum - Thijssen Emans<\/title>\n<meta name=\"robots\" content=\"index, follow, max-snippet:-1, max-image-preview:large, max-video-preview:-1\" \/>\n<link rel=\"canonical\" href=\"https:\/\/thijssen-emans.nl\/de\/impressum\/\" \/>\n<meta property=\"og:locale\" content=\"de_DE\" \/>\n<meta property=\"og:type\" content=\"article\" \/>\n<meta property=\"og:title\" content=\"Impressum - Thijssen Emans\" \/>\n<meta property=\"og:description\" content=\"Impressum Thijssen-Emans &amp; co bvMolenweg 105953 JR ReuverNiederlande Kamer van Koophandel (KVK)- Nummer: 12022048 Mehrwertsteuer (BTW)- Nummer: NL 006896820 B01Zust\u00e4ndiges Gericht: Rechtbank Roermond Vertreten durch Herr M.L.H. StrouckenGesch\u00e4ftsf\u00fchrer Kontakt Telefon: +31 (0) 77-474 1907E-Mail: info@thijssen-emans.nl Verbraucherstreitbeilegung Wir sind nicht bereit oder verpflichtet, an Streitbeilegungsverfahren vor einer Verbraucherschlichtungsstelle teilzunehmen. Haftung f\u00fcr Inhalte und Haftungsausschluss f\u00fcr Hyperlinks [&hellip;]\" \/>\n<meta property=\"og:url\" content=\"https:\/\/thijssen-emans.nl\/de\/impressum\/\" \/>\n<meta property=\"og:site_name\" content=\"Thijssen Emans\" \/>\n<meta property=\"article:modified_time\" content=\"2023-01-04T15:40:37+00:00\" \/>\n<meta name=\"twitter:card\" content=\"summary_large_image\" \/>\n<meta name=\"twitter:label1\" content=\"Gesch\u00e4tzte Lesezeit\" \/>\n\t<meta name=\"twitter:data1\" content=\"2 Minuten\" \/>\n<script type=\"application\/ld+json\" class=\"yoast-schema-graph\">{\"@context\":\"https:\/\/schema.org\",\"@graph\":[{\"@type\":\"WebPage\",\"@id\":\"https:\/\/thijssen-emans.nl\/impressum\/\",\"url\":\"https:\/\/thijssen-emans.nl\/impressum\/\",\"name\":\"Impressum - Thijssen Emans\",\"isPartOf\":{\"@id\":\"https:\/\/thijssen-emans.nl\/#website\"},\"datePublished\":\"2023-01-04T15:36:07+00:00\",\"dateModified\":\"2023-01-04T15:40:37+00:00\",\"breadcrumb\":{\"@id\":\"https:\/\/thijssen-emans.nl\/impressum\/#breadcrumb\"},\"inLanguage\":\"de-DE\",\"potentialAction\":[{\"@type\":\"ReadAction\",\"target\":[\"https:\/\/thijssen-emans.nl\/impressum\/\"]}]},{\"@type\":\"BreadcrumbList\",\"@id\":\"https:\/\/thijssen-emans.nl\/impressum\/#breadcrumb\",\"itemListElement\":[{\"@type\":\"ListItem\",\"position\":1,\"name\":\"Home\",\"item\":\"https:\/\/thijssen-emans.nl\/\"},{\"@type\":\"ListItem\",\"position\":2,\"name\":\"Impressum\"}]},{\"@type\":\"WebSite\",\"@id\":\"https:\/\/thijssen-emans.nl\/#website\",\"url\":\"https:\/\/thijssen-emans.nl\/\",\"name\":\"Thijssen Emans\",\"description\":\"Internationaal recyclingbedrijf &amp; afvalverwerking\",\"publisher\":{\"@id\":\"https:\/\/thijssen-emans.nl\/#organization\"},\"potentialAction\":[{\"@type\":\"SearchAction\",\"target\":{\"@type\":\"EntryPoint\",\"urlTemplate\":\"https:\/\/thijssen-emans.nl\/?s={search_term_string}\"},\"query-input\":\"required name=search_term_string\"}],\"inLanguage\":\"de-DE\"},{\"@type\":\"Organization\",\"@id\":\"https:\/\/thijssen-emans.nl\/#organization\",\"name\":\"Thijssen Emans\",\"url\":\"https:\/\/thijssen-emans.nl\/\",\"sameAs\":[],\"logo\":{\"@type\":\"ImageObject\",\"inLanguage\":\"de-DE\",\"@id\":\"https:\/\/thijssen-emans.nl\/#\/schema\/logo\/image\/\",\"url\":\"https:\/\/thijssen-emans.nl\/wp-content\/uploads\/2022\/02\/logo-thijssen-emans.png\",\"contentUrl\":\"https:\/\/thijssen-emans.nl\/wp-content\/uploads\/2022\/02\/logo-thijssen-emans.png\",\"width\":548,\"height\":78,\"caption\":\"Thijssen Emans\"},\"image\":{\"@id\":\"https:\/\/thijssen-emans.nl\/#\/schema\/logo\/image\/\"}}]}<\/script>\n<!-- \/ Yoast SEO plugin. -->","yoast_head_json":{"title":"Impressum - Thijssen Emans","robots":{"index":"index","follow":"follow","max-snippet":"max-snippet:-1","max-image-preview":"max-image-preview:large","max-video-preview":"max-video-preview:-1"},"canonical":"https:\/\/thijssen-emans.nl\/de\/impressum\/","og_locale":"de_DE","og_type":"article","og_title":"Impressum - Thijssen Emans","og_description":"Impressum Thijssen-Emans &amp; co bvMolenweg 105953 JR ReuverNiederlande Kamer van Koophandel (KVK)- Nummer: 12022048 Mehrwertsteuer (BTW)- Nummer: NL 006896820 B01Zust\u00e4ndiges Gericht: Rechtbank Roermond Vertreten durch Herr M.L.H. StrouckenGesch\u00e4ftsf\u00fchrer Kontakt Telefon: +31 (0) 77-474 1907E-Mail: info@thijssen-emans.nl Verbraucherstreitbeilegung Wir sind nicht bereit oder verpflichtet, an Streitbeilegungsverfahren vor einer Verbraucherschlichtungsstelle teilzunehmen. Haftung f\u00fcr Inhalte und Haftungsausschluss f\u00fcr Hyperlinks [&hellip;]","og_url":"https:\/\/thijssen-emans.nl\/de\/impressum\/","og_site_name":"Thijssen Emans","article_modified_time":"2023-01-04T15:40:37+00:00","twitter_card":"summary_large_image","twitter_misc":{"Gesch\u00e4tzte Lesezeit":"2 Minuten"},"schema":{"@context":"https:\/\/schema.org","@graph":[{"@type":"WebPage","@id":"https:\/\/thijssen-emans.nl\/impressum\/","url":"https:\/\/thijssen-emans.nl\/impressum\/","name":"Impressum - Thijssen Emans","isPartOf":{"@id":"https:\/\/thijssen-emans.nl\/#website"},"datePublished":"2023-01-04T15:36:07+00:00","dateModified":"2023-01-04T15:40:37+00:00","breadcrumb":{"@id":"https:\/\/thijssen-emans.nl\/impressum\/#breadcrumb"},"inLanguage":"de-DE","potentialAction":[{"@type":"ReadAction","target":["https:\/\/thijssen-emans.nl\/impressum\/"]}]},{"@type":"BreadcrumbList","@id":"https:\/\/thijssen-emans.nl\/impressum\/#breadcrumb","itemListElement":[{"@type":"ListItem","position":1,"name":"Home","item":"https:\/\/thijssen-emans.nl\/"},{"@type":"ListItem","position":2,"name":"Impressum"}]},{"@type":"WebSite","@id":"https:\/\/thijssen-emans.nl\/#website","url":"https:\/\/thijssen-emans.nl\/","name":"Thijssen Emans","description":"Internationaal recyclingbedrijf &amp; afvalverwerking","publisher":{"@id":"https:\/\/thijssen-emans.nl\/#organization"},"potentialAction":[{"@type":"SearchAction","target":{"@type":"EntryPoint","urlTemplate":"https:\/\/thijssen-emans.nl\/?s={search_term_string}"},"query-input":"required name=search_term_string"}],"inLanguage":"de-DE"},{"@type":"Organization","@id":"https:\/\/thijssen-emans.nl\/#organization","name":"Thijssen Emans","url":"https:\/\/thijssen-emans.nl\/","sameAs":[],"logo":{"@type":"ImageObject","inLanguage":"de-DE","@id":"https:\/\/thijssen-emans.nl\/#\/schema\/logo\/image\/","url":"https:\/\/thijssen-emans.nl\/wp-content\/uploads\/2022\/02\/logo-thijssen-emans.png","contentUrl":"https:\/\/thijssen-emans.nl\/wp-content\/uploads\/2022\/02\/logo-thijssen-emans.png","width":548,"height":78,"caption":"Thijssen Emans"},"image":{"@id":"https:\/\/thijssen-emans.nl\/#\/schema\/logo\/image\/"}}]}},"_links":{"self":[{"href":"https:\/\/thijssen-emans.nl\/de\/wp-json\/wp\/v2\/pages\/1628"}],"collection":[{"href":"https:\/\/thijssen-emans.nl\/de\/wp-json\/wp\/v2\/pages"}],"about":[{"href":"https:\/\/thijssen-emans.nl\/de\/wp-json\/wp\/v2\/types\/page"}],"author":[{"embeddable":true,"href":"https:\/\/thijssen-emans.nl\/de\/wp-json\/wp\/v2\/users\/1"}],"replies":[{"embeddable":true,"href":"https:\/\/thijssen-emans.nl\/de\/wp-json\/wp\/v2\/comments?post=1628"}],"version-history":[{"count":0,"href":"https:\/\/thijssen-emans.nl\/de\/wp-json\/wp\/v2\/pages\/1628\/revisions"}],"wp:attachment":[{"href":"https:\/\/thijssen-emans.nl\/de\/wp-json\/wp\/v2\/media?parent=1628"}],"curies":[{"name":"wp","href":"https:\/\/api.w.org\/{rel}","templated":true}]}}