{"id":1621,"date":"2022-12-09T11:29:07","date_gmt":"2022-12-09T09:29:07","guid":{"rendered":"https:\/\/thijssen-emans.nl\/?page_id=1621"},"modified":"2023-01-04T16:38:06","modified_gmt":"2023-01-04T15:38:06","slug":"privacybeleid","status":"publish","type":"page","link":"https:\/\/thijssen-emans.nl\/de\/privacybeleid\/","title":{"rendered":"Datenschutz"},"content":{"rendered":"<div data-elementor-type=\"wp-page\" data-elementor-id=\"1621\" class=\"elementor elementor-1621\">\n\t\t\t\t\t\t\t\t\t<section class=\"elementor-section elementor-top-section elementor-element elementor-element-9a4ab09 elementor-section-height-min-height elementor-section-boxed elementor-section-height-default elementor-section-items-middle\" data-id=\"9a4ab09\" data-element_type=\"section\" data-settings=\"{&quot;background_background&quot;:&quot;classic&quot;,&quot;shape_divider_bottom&quot;:&quot;triangle-asymmetrical&quot;,&quot;shape_divider_bottom_negative&quot;:&quot;yes&quot;}\">\n\t\t\t\t\t\t\t<div class=\"elementor-background-overlay\"><\/div>\n\t\t\t\t\t\t<div class=\"elementor-shape elementor-shape-bottom\" data-negative=\"true\">\n\t\t\t<svg xmlns=\"http:\/\/www.w3.org\/2000\/svg\" viewbox=\"0 0 1000 100\" preserveaspectratio=\"none\">\n\t<path class=\"elementor-shape-fill\" d=\"M737.9,94.7L0,0v100h1000V0L737.9,94.7z\"\/>\n<\/svg>\t\t<\/div>\n\t\t\t\t\t<div class=\"elementor-container elementor-column-gap-default\">\n\t\t\t\t\t<div class=\"elementor-column elementor-col-100 elementor-top-column elementor-element elementor-element-24f63ba\" data-id=\"24f63ba\" data-element_type=\"column\">\n\t\t\t<div class=\"elementor-widget-wrap\">\n\t\t\t\t\t\t\t\t\t<\/div>\n\t\t<\/div>\n\t\t\t\t\t\t\t<\/div>\n\t\t<\/section>\n\t\t\t\t<section class=\"elementor-section elementor-top-section elementor-element elementor-element-b3a9484 elementor-section-boxed elementor-section-height-default elementor-section-height-default elementor-invisible\" data-id=\"b3a9484\" data-element_type=\"section\" data-settings=\"{&quot;animation&quot;:&quot;slideInUp&quot;}\">\n\t\t\t\t\t\t<div class=\"elementor-container elementor-column-gap-default\">\n\t\t\t\t\t<div class=\"elementor-column elementor-col-50 elementor-top-column elementor-element elementor-element-dbe6afb\" data-id=\"dbe6afb\" data-element_type=\"column\" data-settings=\"{&quot;background_background&quot;:&quot;classic&quot;}\">\n\t\t\t<div class=\"elementor-widget-wrap elementor-element-populated\">\n\t\t\t\t\t\t\t\t<div class=\"elementor-element elementor-element-5fb4226 elementor-widget elementor-widget-heading\" data-id=\"5fb4226\" data-element_type=\"widget\" data-widget_type=\"heading.default\">\n\t\t\t\t<div class=\"elementor-widget-container\">\n\t\t\t<style>\/*! elementor - v3.13.3 - 28-05-2023 *\/\n.elementor-heading-title{padding:0;margin:0;line-height:1}.elementor-widget-heading .elementor-heading-title[class*=elementor-size-]>a{color:inherit;font-size:inherit;line-height:inherit}.elementor-widget-heading .elementor-heading-title.elementor-size-small{font-size:15px}.elementor-widget-heading .elementor-heading-title.elementor-size-medium{font-size:19px}.elementor-widget-heading .elementor-heading-title.elementor-size-large{font-size:29px}.elementor-widget-heading .elementor-heading-title.elementor-size-xl{font-size:39px}.elementor-widget-heading .elementor-heading-title.elementor-size-xxl{font-size:59px}<\/style><span class=\"elementor-heading-title elementor-size-default\">Datenschutz<\/span>\t\t<\/div>\n\t\t\t\t<\/div>\n\t\t\t\t\t<\/div>\n\t\t<\/div>\n\t\t\t\t<div class=\"elementor-column elementor-col-50 elementor-top-column elementor-element elementor-element-a3ee3c4\" data-id=\"a3ee3c4\" data-element_type=\"column\">\n\t\t\t<div class=\"elementor-widget-wrap\">\n\t\t\t\t\t\t\t\t\t<\/div>\n\t\t<\/div>\n\t\t\t\t\t\t\t<\/div>\n\t\t<\/section>\n\t\t\t\t<section class=\"elementor-section elementor-top-section elementor-element elementor-element-6dba78b elementor-section-boxed elementor-section-height-default elementor-section-height-default\" data-id=\"6dba78b\" data-element_type=\"section\">\n\t\t\t\t\t\t<div class=\"elementor-container elementor-column-gap-default\">\n\t\t\t\t\t<div class=\"elementor-column elementor-col-100 elementor-top-column elementor-element elementor-element-d545925\" data-id=\"d545925\" data-element_type=\"column\">\n\t\t\t<div class=\"elementor-widget-wrap elementor-element-populated\">\n\t\t\t\t\t\t\t\t<div class=\"elementor-element elementor-element-828d7dc elementor-widget elementor-widget-text-editor\" data-id=\"828d7dc\" data-element_type=\"widget\" data-widget_type=\"text-editor.default\">\n\t\t\t\t<div class=\"elementor-widget-container\">\n\t\t\t<style>\/*! elementor - v3.13.3 - 28-05-2023 *\/\n.elementor-widget-text-editor.elementor-drop-cap-view-stacked .elementor-drop-cap{background-color:#69727d;color:#fff}.elementor-widget-text-editor.elementor-drop-cap-view-framed .elementor-drop-cap{color:#69727d;border:3px solid;background-color:transparent}.elementor-widget-text-editor:not(.elementor-drop-cap-view-default) .elementor-drop-cap{margin-top:8px}.elementor-widget-text-editor:not(.elementor-drop-cap-view-default) .elementor-drop-cap-letter{width:1em;height:1em}.elementor-widget-text-editor .elementor-drop-cap{float:left;text-align:center;line-height:1;font-size:50px}.elementor-widget-text-editor .elementor-drop-cap-letter{display:inline-block}<\/style>\t\t\t\t<h3>Haftungsausschluss<\/h3><p>Wir bem\u00fchen uns, die Informationen auf dieser Website so vollst\u00e4ndig, richtig, aktuell und zug\u00e4nglich wie m\u00f6glich bereitzustellen. Wir bem\u00fchen uns, die Website so einfach und benutzerfreundlich wie m\u00f6glich zu halten. Die Seite wird daher st\u00e4ndig weiterentwickelt.<\/p><p>Per E-Mail k\u00f6nnen Sie uns Anregungen, Fragen oder Kommentare zum Inhalt der Website zukommen lassen. Wir w\u00fcrden uns auch freuen, von Ihnen zu h\u00f6ren, wenn Sie der Meinung sind, dass die Website Fehler enth\u00e4lt, unvollst\u00e4ndig ist oder anderweitig verbessert werden k\u00f6nnte. Das Urheberrecht an den Bildern auf dieser Website ist ausdr\u00fccklich vorbehalten.<\/p><h3>Haftung<\/h3><p>Aus den Informationen auf dieser Website k\u00f6nnen keine Rechte abgeleitet werden. Thijssen Emans &amp; co BV \u00fcbernimmt keine Verantwortung und haftet nicht f\u00fcr die Folgen\/Folgen der Nutzung der bereitgestellten Informationen.\u00a0<span style=\"font-family: var( --e-global-typography-text-font-family ), Sans-serif; font-weight: var( --e-global-typography-text-font-weight ); font-size: 1rem;\">Thijssen Emans <\/span><span style=\"font-size: 1rem;\">\u00fcbernimmt ferner keine Verantwortung und Haftung f\u00fcr andere als die auf dieser Website ver\u00f6ffentlichten Versionen von Dokumenten oder f\u00fcr Dokumente auf dieser Website, die von Dritten stammen.<\/span><\/p><h3>Inhalt<\/h3><p class=\" translation-block\">Die Vervielf\u00e4ltigung eines Teils des Inhalts f\u00fcr den eigenen privaten, nicht kommerziellen Gebrauch ist mit Quellenangabe gestattet. Das Kopieren von Informationen von dieser Website f\u00fcr gesch\u00e4ftliche oder kommerzielle Zwecke ist ohne die vorherige schriftliche Zustimmung von Thijssen Emans nicht gestattet.<\/p><h3>\u00c4ndern<\/h3><p>Wir behalten uns das Recht vor, jederzeit \u00c4nderungen an der Cookie-Richtlinie, dem Haftungsausschluss und der Datenschutzerkl\u00e4rung vorzunehmen.<\/p><h3>Privacy<\/h3><p>Wir sind uns bewusst, dass Sie uns Ihr Vertrauen schenken. Wir gehen daher sorgsam mit Ihren personenbezogenen Daten um. Wie wir das genau machen, k\u00f6nnen Sie auf dieser Seite nachlesen. Die Informationen, die Sie auf dieser Website hinterlassen oder ver\u00f6ffentlichen, werden sorgf\u00e4ltig verarbeitet, um Ihre Privatsph\u00e4re so weit wie m\u00f6glich zu sch\u00fctzen. Die Verarbeitung erfolgt in \u00dcbereinstimmung mit den geltenden (Datenschutz-) Gesetzen und Vorschriften.<\/p><h3>Google Analytics<\/h3><p class=\" translation-block\">Thijssen Emans &amp; co BV verwendet Google Analytics, einen Webanalysedienst von Google Inc. (\"Google\"). Google Analytics verwendet Cookies, um Thijssen Emans zu helfen, zu analysieren, wie die Website effektiv genutzt werden kann. Die durch den Cookie erzeugten Informationen (einschlie\u00dflich Ihrer IP-Adresse) werden an einen Server von Google in den USA \u00fcbertragen und dort gespeichert.<\/p><p>Alle zus\u00e4tzlichen Google-Dienste sind deaktiviert, was bedeutet, dass keine Daten intern zwischen Google-Abteilungen ausgetauscht werden.<\/p><h3>Verarbeitung personenbezogener Daten<\/h3><p>Wir verwenden Ihre personenbezogenen Daten nur f\u00fcr den Zweck, f\u00fcr den Sie sie bereitgestellt haben. Wir geben Ihre personenbezogenen Daten nicht an Dritte weiter. Die personenbezogenen Daten, die Sie uns zur Verf\u00fcgung stellen, werden nur zu folgenden Zwecken verarbeitet:<\/p><ul><li>Kontaktformular: Ihre Daten werden automatisch per E-Mail an uns gesendet. Ihre Daten werden nicht gespeichert. Nach Bearbeitung Ihrer E-Mail-Nachricht wird die E-Mail-Nachricht gel\u00f6scht.<\/li><\/ul><h3>Pers\u00f6nliche Daten \u00e4ndern<\/h3><p>Sie k\u00f6nnen Ihre bei uns gespeicherten Daten jederzeit per E-Mail anfordern (<a href=\"mailto:info@thijssen-emans.nl\">info@thijssen-emans.nl<\/a>) von uns und lassen es anpassen. Um Missbrauch zu verhindern, k\u00f6nnen wir Sie bitten, sich angemessen zu identifizieren. Wenn es um den Zugriff auf personenbezogene Daten geht, die mit einem Cookie verkn\u00fcpft sind, m\u00fcssen Sie auch eine Kopie des betreffenden Cookies senden.<\/p><h3>\u00c4nderung der Datenschutzrichtlinie<\/h3><p>Wir behalten uns das Recht vor, die Datenschutzerkl\u00e4rung im Rahmen der Datenschutz-Grundverordnung zu \u00e4ndern.<\/p>\t\t\t\t\t\t<\/div>\n\t\t\t\t<\/div>\n\t\t\t\t\t<\/div>\n\t\t<\/div>\n\t\t\t\t\t\t\t<\/div>\n\t\t<\/section>\n\t\t\t\t\t\t\t<\/div>","protected":false},"excerpt":{"rendered":"<p>Disclaimer Wij besteden uiterste zorg aan het zo compleet, correct, actueel en toegankelijk mogelijk aanbieden van de informatie op deze site. Wij streven ernaar de site zo eenvoudig en gebruiksvriendelijk mogelijk te houden. De site is dan ook voortdurend in ontwikkeling. Suggesties, vragen of opmerkingen over de inhoud van de website kunt u per e-mail [&hellip;]<\/p>","protected":false},"author":1,"featured_media":0,"parent":0,"menu_order":0,"comment_status":"closed","ping_status":"closed","template":"","meta":[],"yoast_head":"<!-- This site is optimized with the Yoast SEO plugin v19.8 - https:\/\/yoast.com\/wordpress\/plugins\/seo\/ -->\n<title>Privacybeleid - Thijssen Emans<\/title>\n<meta name=\"robots\" content=\"index, follow, max-snippet:-1, max-image-preview:large, max-video-preview:-1\" \/>\n<link rel=\"canonical\" href=\"https:\/\/thijssen-emans.nl\/de\/privacybeleid\/\" \/>\n<meta property=\"og:locale\" content=\"de_DE\" \/>\n<meta property=\"og:type\" content=\"article\" \/>\n<meta property=\"og:title\" content=\"Privacybeleid - Thijssen Emans\" \/>\n<meta property=\"og:description\" content=\"Disclaimer Wij besteden uiterste zorg aan het zo compleet, correct, actueel en toegankelijk mogelijk aanbieden van de informatie op deze site. Wij streven ernaar de site zo eenvoudig en gebruiksvriendelijk mogelijk te houden. De site is dan ook voortdurend in ontwikkeling. Suggesties, vragen of opmerkingen over de inhoud van de website kunt u per e-mail [&hellip;]\" \/>\n<meta property=\"og:url\" content=\"https:\/\/thijssen-emans.nl\/de\/privacybeleid\/\" \/>\n<meta property=\"og:site_name\" content=\"Thijssen Emans\" \/>\n<meta property=\"article:modified_time\" content=\"2023-01-04T15:38:06+00:00\" \/>\n<meta name=\"twitter:card\" content=\"summary_large_image\" \/>\n<meta name=\"twitter:label1\" content=\"Gesch\u00e4tzte Lesezeit\" \/>\n\t<meta name=\"twitter:data1\" content=\"3 Minuten\" \/>\n<script type=\"application\/ld+json\" class=\"yoast-schema-graph\">{\"@context\":\"https:\/\/schema.org\",\"@graph\":[{\"@type\":\"WebPage\",\"@id\":\"https:\/\/thijssen-emans.nl\/privacybeleid\/\",\"url\":\"https:\/\/thijssen-emans.nl\/privacybeleid\/\",\"name\":\"Privacybeleid - Thijssen Emans\",\"isPartOf\":{\"@id\":\"https:\/\/thijssen-emans.nl\/#website\"},\"datePublished\":\"2022-12-09T09:29:07+00:00\",\"dateModified\":\"2023-01-04T15:38:06+00:00\",\"breadcrumb\":{\"@id\":\"https:\/\/thijssen-emans.nl\/privacybeleid\/#breadcrumb\"},\"inLanguage\":\"de-DE\",\"potentialAction\":[{\"@type\":\"ReadAction\",\"target\":[\"https:\/\/thijssen-emans.nl\/privacybeleid\/\"]}]},{\"@type\":\"BreadcrumbList\",\"@id\":\"https:\/\/thijssen-emans.nl\/privacybeleid\/#breadcrumb\",\"itemListElement\":[{\"@type\":\"ListItem\",\"position\":1,\"name\":\"Home\",\"item\":\"https:\/\/thijssen-emans.nl\/\"},{\"@type\":\"ListItem\",\"position\":2,\"name\":\"Privacybeleid\"}]},{\"@type\":\"WebSite\",\"@id\":\"https:\/\/thijssen-emans.nl\/#website\",\"url\":\"https:\/\/thijssen-emans.nl\/\",\"name\":\"Thijssen Emans\",\"description\":\"Internationaal recyclingbedrijf &amp; afvalverwerking\",\"publisher\":{\"@id\":\"https:\/\/thijssen-emans.nl\/#organization\"},\"potentialAction\":[{\"@type\":\"SearchAction\",\"target\":{\"@type\":\"EntryPoint\",\"urlTemplate\":\"https:\/\/thijssen-emans.nl\/?s={search_term_string}\"},\"query-input\":\"required name=search_term_string\"}],\"inLanguage\":\"de-DE\"},{\"@type\":\"Organization\",\"@id\":\"https:\/\/thijssen-emans.nl\/#organization\",\"name\":\"Thijssen Emans\",\"url\":\"https:\/\/thijssen-emans.nl\/\",\"sameAs\":[],\"logo\":{\"@type\":\"ImageObject\",\"inLanguage\":\"de-DE\",\"@id\":\"https:\/\/thijssen-emans.nl\/#\/schema\/logo\/image\/\",\"url\":\"https:\/\/thijssen-emans.nl\/wp-content\/uploads\/2022\/02\/logo-thijssen-emans.png\",\"contentUrl\":\"https:\/\/thijssen-emans.nl\/wp-content\/uploads\/2022\/02\/logo-thijssen-emans.png\",\"width\":548,\"height\":78,\"caption\":\"Thijssen Emans\"},\"image\":{\"@id\":\"https:\/\/thijssen-emans.nl\/#\/schema\/logo\/image\/\"}}]}<\/script>\n<!-- \/ Yoast SEO plugin. -->","yoast_head_json":{"title":"Privacybeleid - Thijssen Emans","robots":{"index":"index","follow":"follow","max-snippet":"max-snippet:-1","max-image-preview":"max-image-preview:large","max-video-preview":"max-video-preview:-1"},"canonical":"https:\/\/thijssen-emans.nl\/de\/privacybeleid\/","og_locale":"de_DE","og_type":"article","og_title":"Privacybeleid - Thijssen Emans","og_description":"Disclaimer Wij besteden uiterste zorg aan het zo compleet, correct, actueel en toegankelijk mogelijk aanbieden van de informatie op deze site. Wij streven ernaar de site zo eenvoudig en gebruiksvriendelijk mogelijk te houden. De site is dan ook voortdurend in ontwikkeling. Suggesties, vragen of opmerkingen over de inhoud van de website kunt u per e-mail [&hellip;]","og_url":"https:\/\/thijssen-emans.nl\/de\/privacybeleid\/","og_site_name":"Thijssen Emans","article_modified_time":"2023-01-04T15:38:06+00:00","twitter_card":"summary_large_image","twitter_misc":{"Gesch\u00e4tzte Lesezeit":"3 Minuten"},"schema":{"@context":"https:\/\/schema.org","@graph":[{"@type":"WebPage","@id":"https:\/\/thijssen-emans.nl\/privacybeleid\/","url":"https:\/\/thijssen-emans.nl\/privacybeleid\/","name":"Privacybeleid - Thijssen Emans","isPartOf":{"@id":"https:\/\/thijssen-emans.nl\/#website"},"datePublished":"2022-12-09T09:29:07+00:00","dateModified":"2023-01-04T15:38:06+00:00","breadcrumb":{"@id":"https:\/\/thijssen-emans.nl\/privacybeleid\/#breadcrumb"},"inLanguage":"de-DE","potentialAction":[{"@type":"ReadAction","target":["https:\/\/thijssen-emans.nl\/privacybeleid\/"]}]},{"@type":"BreadcrumbList","@id":"https:\/\/thijssen-emans.nl\/privacybeleid\/#breadcrumb","itemListElement":[{"@type":"ListItem","position":1,"name":"Home","item":"https:\/\/thijssen-emans.nl\/"},{"@type":"ListItem","position":2,"name":"Privacybeleid"}]},{"@type":"WebSite","@id":"https:\/\/thijssen-emans.nl\/#website","url":"https:\/\/thijssen-emans.nl\/","name":"Thijssen Emans","description":"Internationaal recyclingbedrijf &amp; afvalverwerking","publisher":{"@id":"https:\/\/thijssen-emans.nl\/#organization"},"potentialAction":[{"@type":"SearchAction","target":{"@type":"EntryPoint","urlTemplate":"https:\/\/thijssen-emans.nl\/?s={search_term_string}"},"query-input":"required name=search_term_string"}],"inLanguage":"de-DE"},{"@type":"Organization","@id":"https:\/\/thijssen-emans.nl\/#organization","name":"Thijssen Emans","url":"https:\/\/thijssen-emans.nl\/","sameAs":[],"logo":{"@type":"ImageObject","inLanguage":"de-DE","@id":"https:\/\/thijssen-emans.nl\/#\/schema\/logo\/image\/","url":"https:\/\/thijssen-emans.nl\/wp-content\/uploads\/2022\/02\/logo-thijssen-emans.png","contentUrl":"https:\/\/thijssen-emans.nl\/wp-content\/uploads\/2022\/02\/logo-thijssen-emans.png","width":548,"height":78,"caption":"Thijssen Emans"},"image":{"@id":"https:\/\/thijssen-emans.nl\/#\/schema\/logo\/image\/"}}]}},"_links":{"self":[{"href":"https:\/\/thijssen-emans.nl\/de\/wp-json\/wp\/v2\/pages\/1621"}],"collection":[{"href":"https:\/\/thijssen-emans.nl\/de\/wp-json\/wp\/v2\/pages"}],"about":[{"href":"https:\/\/thijssen-emans.nl\/de\/wp-json\/wp\/v2\/types\/page"}],"author":[{"embeddable":true,"href":"https:\/\/thijssen-emans.nl\/de\/wp-json\/wp\/v2\/users\/1"}],"replies":[{"embeddable":true,"href":"https:\/\/thijssen-emans.nl\/de\/wp-json\/wp\/v2\/comments?post=1621"}],"version-history":[{"count":0,"href":"https:\/\/thijssen-emans.nl\/de\/wp-json\/wp\/v2\/pages\/1621\/revisions"}],"wp:attachment":[{"href":"https:\/\/thijssen-emans.nl\/de\/wp-json\/wp\/v2\/media?parent=1621"}],"curies":[{"name":"wp","href":"https:\/\/api.w.org\/{rel}","templated":true}]}}